{"id":54,"date":"2021-02-09T20:18:33","date_gmt":"2021-02-09T20:18:33","guid":{"rendered":"https:\/\/frauenkollektiv.de\/?page_id=54"},"modified":"2025-03-31T20:23:19","modified_gmt":"2025-03-31T20:23:19","slug":"selbstverstaendnis","status":"publish","type":"page","link":"https:\/\/frauenkollektiv.de\/index.php\/ueber-uns\/selbstverstaendnis\/","title":{"rendered":"Selbstverst\u00e4ndnis"},"content":{"rendered":"\n<div class=\"wp-block-stackable-heading stk-block-heading stk-block-heading--v2 stk-block stk-d511c25\" id=\"wer-wir-sind-und-wofur-wir-kampfen\" data-block-id=\"d511c25\"><style>.stk-d511c25 .stk-block-heading__text{color:#000000 !important;}<\/style><h2 class=\"stk-block-heading__text has-text-color\">Wer wir sind und wof\u00fcr wir k\u00e4mpfen<\/h2><\/div>\n\n\n\n<div class=\"wp-block-stackable-text stk-block-text stk-block stk-e992b18\" data-block-id=\"e992b18\"><p class=\"stk-block-text__text\">Wir sind das Frauenkollektiv, eine Gruppe von Frauen unterschiedlichen Alters, das es in mehreren St\u00e4dten Deutschlands gibt. Wir haben verschiedene Erfahrungen in unserem Leben gemacht und sind in unterschiedlichen Lebenssituationen \u2013 und dennoch verbindet uns etwas: Wir sind Frauen der Arbeiter:innenklasse und k\u00e4mpfen gegen Patriarchat und Kapitalismus.<\/p><\/div>\n\n\n\n<div class=\"wp-block-stackable-text stk-block-text stk-block stk-ad2638a\" data-block-id=\"ad2638a\"><p class=\"stk-block-text__text\">Dies bringt offensichtliche und weniger offensichtliche Besonderheiten mit sich. Uns allen wurden bestimmte Verhaltensweisen, Rollenbilder und Erwartungen vermittelt, die definieren, wie wir uns selbst als Frauen sehen (sollen) und wie wir von anderen wahrgenommen werden. Dabei ist \u201eFrau sein\u201c f\u00fcr uns nicht eine von zwei bin\u00e4ren Optionen, das bin\u00e4re Geschlechtersystem ist wissenschaftlich \u00fcberholt.<\/p><\/div>\n\n\n\n<div class=\"wp-block-stackable-text stk-block-text stk-block stk-587092d\" data-block-id=\"587092d\"><p class=\"stk-block-text__text\">Um dieses System zu \u00fcberwinden, indem Millionen Menschen auf Grund ihres Geschlechts und ihrer Klassenzugeh\u00f6rigkeit ausgebeutet und unterdr\u00fcckt werden, organisieren wir uns im Frauenkollektiv, schaffen einen Raum, in dem wir Frauensolidarit\u00e4t zur konkreten Praxis werden lassen und k\u00e4mpfen f\u00fcr eine klassenlose Gesellschaft, in der die Unterdr\u00fcckung des Menschen durch den Menschen beseitigt ist.<\/p><\/div>\n\n\n\n<div class=\"wp-block-stackable-text stk-block-text stk-block stk-6309003\" data-block-id=\"6309003\"><p class=\"stk-block-text__text\">Dabei machen wir Unterdr\u00fcckungsverh\u00e4ltnisse und ihre Profiteur:innen sichtbar und unterst\u00fctzen gleichzeitig Betroffene von vielfacher Ausbeutung und Unterdr\u00fcckung. Denn als Frauen sind wir alles andere als frei und gleichberechtigt. Tagt\u00e4glich erleben wir in dieser kapitalistisch-patriarchalen Gesellschaft, wie r\u00fcckschrittliche Rollenbilder fortw\u00e4hrend zum Tragen kommen. Auch werden Frauen an der Spitze des kapitalistischen Systems im Sinne der b\u00fcrgerlich-feministischen Bewegung als fortschrittlich dargestellt, obwohl sie selbst die Ausbeutung und Unterdr\u00fcckung der Arbeiterinnen st\u00fctzen. Wir wehren uns seit Jahrhunderten dagegen, als das \u201eschw\u00e4chere Geschlecht\u201c bezeichnet zu werden. Wir wehren uns, wenn \u00fcber uns gewitzelt wird, wir weniger verdienen, wir weniger zu sagen haben oder von uns Gesagtes permanent in Frage gestellt wird. Wir schlie\u00dfen uns zusammen, wenn uns Gewalt in verschiedensten Facetten im Alltag begegnet und angetan wird.<\/p><\/div>\n\n\n\n<div class=\"wp-block-stackable-text stk-block-text stk-block stk-08ae70d\" data-block-id=\"08ae70d\"><p class=\"stk-block-text__text\">Wir Frauen sind einer mehrfachen Ausbeutung und Unterdr\u00fcckung ausgesetzt. Von uns wird erwartet, dass wir ohne Widerworte die reproduktive Arbeit leisten, uns um Haushalt, Kindererziehung und Pflege von Angeh\u00f6rigen k\u00fcmmern, und dabei immer dem Bild der perfekten Partnerin, Mutter und Karrierefrau entsprechen. Wir sollen unsere K\u00f6rper vermarktbar machen, unsere Arbeitskraft verkaufen und dem gesellschaftlichen Sch\u00f6nheitsideal entsprechen. Das gilt beispielsweise f\u00fcr die Arbeitswelt oder die Darstellung von Sexualit\u00e4t, schl\u00e4gt sich aber in allen Bereichen der Gesellschaft nieder.<\/p><\/div>\n\n\n\n<div class=\"wp-block-stackable-text stk-block-text stk-block stk-9fad3a3\" data-block-id=\"9fad3a3\"><p class=\"stk-block-text__text\">Unsere Bed\u00fcrfnisse sollen wir dabei aus dem Blick verlieren. Es gibt unz\u00e4hlige Beispiele, die im Gesamten betrachtet die systematische Unterdr\u00fcckung der Frau verdeutlichen. Dieses System nennt sich Patriarchat. Unter dem Patriarchat verstehen wir die seit Jahrtausenden bestehende Unterdr\u00fcckung aufgrund des Geschlechts, die sich in einer m\u00e4nnlich dominierten Gesellschaft und der besonderen Ausbeutung von Frauen ausdr\u00fcckt.<\/p><\/div>\n\n\n\n<div class=\"wp-block-stackable-text stk-block-text stk-block stk-96c6f5a\" data-block-id=\"96c6f5a\"><p class=\"stk-block-text__text\">Der Kapitalismus hat sich dieses Unterdr\u00fcckungsverh\u00e4ltnis zu Nutzen gemacht, indem Frauen in die unbezahlte private Reproduktionsarbeit gedr\u00e4ngt und \u00f6konomisch als Arbeiterinnen verst\u00e4rktausgebeutet werden. Letzteres \u00e4u\u00dfert sich z.B. in den geringeren L\u00f6hnen bei gleicher Arbeit oder den prek\u00e4ren Besch\u00e4ftigungsverh\u00e4ltnissen. Au\u00dferdem nutzt der Kapitalismus das Patriarchat als Spaltungsinstrument zwischen den Arbeiter:innen und festigt somit sein Bestehen.<\/p><\/div>\n\n\n\n<div class=\"wp-block-stackable-text stk-block-text stk-block stk-2a494d9\" data-block-id=\"2a494d9\"><p class=\"stk-block-text__text\">Dementsprechend gehen Kapitalismus und Patriarchat Hand in Hand. Unser Kampf muss daher nicht nur gegen das Patriarchat, sondern immer auch gegen den Kapitalismus sein. Uns ist bewusst, dass an alle Geschlechter Rollenbilder und Erwartungen gestellt werden. M\u00e4nnern wird dabei eine besondere Rolle zu Teil: Heute profitiert jeder Mann durch das Patriarchat, ob er sich dessen bewusst ist oder nicht.<\/p><\/div>\n\n\n\n<div class=\"wp-block-stackable-text stk-block-text stk-block stk-e652d13\" data-block-id=\"e652d13\"><p class=\"stk-block-text__text\">Wir stehen ein f\u00fcr ein System, in dem wir nicht nur formal gleichgestellt sind, sondern in der diese Gleichberechtigung im Leben aller ankommt! Wir k\u00e4mpfen f\u00fcr eine gesellschaftliche Zukunft, die nicht nach dem Profit gro\u00dfer Konzerne und im Interesse weniger organisiert ist, sondern nach unseren Interessen und Bed\u00fcrfnissen. Diese Gesellschaft ist der Sozialismus.<\/p><\/div>\n\n\n\n<div class=\"wp-block-stackable-text stk-block-text stk-block stk-b1f873e\" data-block-id=\"b1f873e\"><p class=\"stk-block-text__text\">Im Kapitalismus k\u00f6nnen wir das Patriarchat nicht \u00fcberwinden, trotzdem beginnt unser Kampf bereits heute! Mit der Frauenrevolution k\u00e4mpfen wir auch heute gegen die Unterdr\u00fcckung und Ausbeutung aufgrund unseres Geschlechts. Nur indem wir heute bereits gegen das Patriarchat ank\u00e4mpfen, k\u00f6nnen wir den Grundstein f\u00fcr dessen \u00dcberwindung legen. Die Frauenrevolution wird von den Frauen der Arbeiter:innenklasse angef\u00fchrt, denn wir proletarische Frauen sind es, die unsere eigene Befreiung erk\u00e4mpfen m\u00fcssen.<\/p><\/div>\n\n\n\n<div class=\"wp-block-stackable-text stk-block-text stk-block stk-e281e21\" data-block-id=\"e281e21\"><p class=\"stk-block-text__text\">F\u00fcr Selbstbestimmung und Selbstverantwortung! Wir organisieren uns gemeinsam als Frauen, bringen politische Aktionen hervor, stellen uns gegen dieses System und treten aus der Stille heraus. Wir st\u00e4rken uns, indem wir Frauensolidarit\u00e4t leben und gegen Kapital und Patriarchat k\u00e4mpfen.<\/p><\/div>\n\n\n\n<div class=\"wp-block-stackable-text stk-block-text stk-block stk-8f2bd82\" data-block-id=\"8f2bd82\"><p class=\"stk-block-text__text\">Wir stehen zusammen und sind uns einig: Keine Frau ist allein mit dem, was sie erlebt!<\/p><\/div>\n\n\n\n<div class=\"wp-block-stackable-text stk-block-text stk-block stk-2c4bc89\" data-block-id=\"2c4bc89\"><p class=\"stk-block-text__text\">Ein Angriff auf Eine von uns ist ein Angriff auf Alle von uns!<\/p><\/div>\n\n\n\n<div class=\"wp-block-stackable-text stk-block-text stk-block stk-9547f82\" data-block-id=\"9547f82\"><p class=\"stk-block-text__text\">Frauenrevolution bedeutet Freiheit!\u201c<\/p><\/div>\n\n\n\n<div class=\"wp-block-stackable-text stk-block-text stk-block stk-8fd56f2\" data-block-id=\"8fd56f2\"><p class=\"stk-block-text__text\">Stand 3. Kongress 2024<\/p><\/div>\n","protected":false},"excerpt":{"rendered":"<p>Wer wir sind und wof\u00fcr wir k\u00e4mpfen Wir sind das Frauenkollektiv, eine Gruppe von Frauen unterschiedlichen Alters, das es in mehreren St\u00e4dten Deutschlands gibt. Wir haben verschiedene Erfahrungen in unserem Leben gemacht und sind in unterschiedlichen Lebenssituationen \u2013 und dennoch verbindet uns etwas: Wir sind Frauen der Arbeiter:innenklasse und k\u00e4mpfen gegen Patriarchat und Kapitalismus. Dies [&hellip;]<\/p>\n","protected":false},"author":1,"featured_media":0,"parent":23,"menu_order":0,"comment_status":"closed","ping_status":"closed","template":"","meta":{"footnotes":""},"class_list":["post-54","page","type-page","status-publish","hentry"],"blocksy_meta":[],"jetpack_sharing_enabled":true,"_links":{"self":[{"href":"https:\/\/frauenkollektiv.de\/index.php\/wp-json\/wp\/v2\/pages\/54","targetHints":{"allow":["GET"]}}],"collection":[{"href":"https:\/\/frauenkollektiv.de\/index.php\/wp-json\/wp\/v2\/pages"}],"about":[{"href":"https:\/\/frauenkollektiv.de\/index.php\/wp-json\/wp\/v2\/types\/page"}],"author":[{"embeddable":true,"href":"https:\/\/frauenkollektiv.de\/index.php\/wp-json\/wp\/v2\/users\/1"}],"replies":[{"embeddable":true,"href":"https:\/\/frauenkollektiv.de\/index.php\/wp-json\/wp\/v2\/comments?post=54"}],"version-history":[{"count":8,"href":"https:\/\/frauenkollektiv.de\/index.php\/wp-json\/wp\/v2\/pages\/54\/revisions"}],"predecessor-version":[{"id":549,"href":"https:\/\/frauenkollektiv.de\/index.php\/wp-json\/wp\/v2\/pages\/54\/revisions\/549"}],"up":[{"embeddable":true,"href":"https:\/\/frauenkollektiv.de\/index.php\/wp-json\/wp\/v2\/pages\/23"}],"wp:attachment":[{"href":"https:\/\/frauenkollektiv.de\/index.php\/wp-json\/wp\/v2\/media?parent=54"}],"curies":[{"name":"wp","href":"https:\/\/api.w.org\/{rel}","templated":true}]}}